{"id":2293,"date":"2021-09-28T13:49:05","date_gmt":"2021-09-28T18:49:05","guid":{"rendered":"https:\/\/kakaowa.co\/?post_type=product&#038;p=2293"},"modified":"2026-01-23T12:32:46","modified_gmt":"2026-01-23T17:32:46","slug":"tableta-de-chocolate-de-leche-y-mani-al-50-cacao","status":"publish","type":"product","link":"https:\/\/kakaowa.co\/en\/product\/tableta-de-chocolate-de-leche-y-mani-al-50-cacao\/","title":{"rendered":"50% cocoa milk chocolate bar"},"content":{"rendered":"<p class=\"font-claude-response-body whitespace-normal break-words\">Esta es su evoluci\u00f3n: <strong>50% cacao<\/strong>, m\u00e1s intensidad, m\u00e1s car\u00e1cter, pero con esa textura suave y ese sabor reconfortante que nunca olvidaste.<\/p>\n<p class=\"font-claude-response-body whitespace-normal break-words\"><strong>Lo que hace especial a este chocolate:<\/strong><\/p>\n<ul class=\"[&amp;:not(:last-child)_ul]:pb-1 [&amp;:not(:last-child)_ol]:pb-1 list-disc space-y-2.5 pl-7\">\n<li class=\"whitespace-normal break-words\">\ud83c\udf6f Notas a caramelo y nueces con alta intensidad a chocolate<\/li>\n<li class=\"whitespace-normal break-words\">\ud83c\udf31 Cacao de origen \u00fanico del Huila<\/li>\n<li class=\"whitespace-normal break-words\">\u2728 Textura suave y sedosa (como la recuerdas, pero mejor)<\/li>\n<li class=\"whitespace-normal break-words\">\ud83d\udeab Naturalmente libre de grasas trans, gluten y soya<\/li>\n<\/ul>\n<p class=\"font-claude-response-body whitespace-normal break-words\"><strong>El chocolate de tu memoria, con la calidad que mereces hoy.<\/strong><\/p>\n","protected":false},"excerpt":{"rendered":"<p><strong>El Sabor que Conquist\u00f3 tu Infancia, Ahora en su Mejor Versi\u00f3n \ud83c\udf6b <\/strong><\/p>\n<p>\u00bfRecuerdas esa chocolatina de leche que te hac\u00eda feliz?<\/p>","protected":false},"featured_media":6612,"template":"","meta":{"_joinchat":[]},"product_brand":[],"product_cat":[68],"product_tag":[],"class_list":{"0":"post-2293","1":"product","2":"type-product","3":"status-publish","4":"has-post-thumbnail","6":"product_cat-chocolate-colombiano-para-regalar","8":"first","9":"instock","10":"shipping-taxable","11":"purchasable","12":"product-type-simple"},"_links":{"self":[{"href":"https:\/\/kakaowa.co\/en\/wp-json\/wp\/v2\/product\/2293","targetHints":{"allow":["GET"]}}],"collection":[{"href":"https:\/\/kakaowa.co\/en\/wp-json\/wp\/v2\/product"}],"about":[{"href":"https:\/\/kakaowa.co\/en\/wp-json\/wp\/v2\/types\/product"}],"wp:featuredmedia":[{"embeddable":true,"href":"https:\/\/kakaowa.co\/en\/wp-json\/wp\/v2\/media\/6612"}],"wp:attachment":[{"href":"https:\/\/kakaowa.co\/en\/wp-json\/wp\/v2\/media?parent=2293"}],"wp:term":[{"taxonomy":"product_brand","embeddable":true,"href":"https:\/\/kakaowa.co\/en\/wp-json\/wp\/v2\/product_brand?post=2293"},{"taxonomy":"product_cat","embeddable":true,"href":"https:\/\/kakaowa.co\/en\/wp-json\/wp\/v2\/product_cat?post=2293"},{"taxonomy":"product_tag","embeddable":true,"href":"https:\/\/kakaowa.co\/en\/wp-json\/wp\/v2\/product_tag?post=2293"}],"curies":[{"name":"wp","href":"https:\/\/api.w.org\/{rel}","templated":true}]}}